{"id":12,"date":"2023-09-04T21:41:16","date_gmt":"2023-09-05T00:41:16","guid":{"rendered":"https:\/\/jgconstrucaoereforma.com.br\/?page_id=12"},"modified":"2025-06-10T16:12:11","modified_gmt":"2025-06-10T19:12:11","slug":"home","status":"publish","type":"page","link":"http:\/\/jgconstrucaoereforma.com.br\/","title":{"rendered":"Home"},"content":{"rendered":"<p>[et_pb_section fb_built=&#8221;1&#8243; fullwidth=&#8221;on&#8221; _builder_version=&#8221;4.22.1&#8243; _module_preset=&#8221;default&#8221; global_colors_info=&#8221;{}&#8221;][et_pb_fullwidth_image src=&#8221;https:\/\/jgconstrucaoereforma.com.br\/wp-content\/uploads\/2023\/09\/WhatsApp-Image-2019-04-04-at-17.35.28.jpeg&#8221; title_text=&#8221;WhatsApp-Image-2019-04-04-at-17.35.28&#8243; _builder_version=&#8221;4.22.1&#8243; _module_preset=&#8221;default&#8221; global_colors_info=&#8221;{}&#8221;][\/et_pb_fullwidth_image][\/et_pb_section][et_pb_section fb_built=&#8221;1&#8243; module_id=&#8221;quemsomos&#8221; _builder_version=&#8221;4.22.1&#8243; _module_preset=&#8221;default&#8221; background_color=&#8221;#e5e5e5&#8243; global_colors_info=&#8221;{}&#8221;][et_pb_row _builder_version=&#8221;4.22.1&#8243; _module_preset=&#8221;default&#8221; global_colors_info=&#8221;{}&#8221;][et_pb_column type=&#8221;4_4&#8243; _builder_version=&#8221;4.22.1&#8243; _module_preset=&#8221;default&#8221; global_colors_info=&#8221;{}&#8221;][et_pb_text _builder_version=&#8221;4.22.1&#8243; _module_preset=&#8221;default&#8221; global_colors_info=&#8221;{}&#8221;]<\/p>\n<h2><strong>Quem somos<\/strong><\/h2>\n<p style=\"text-align: justify;\"><img loading=\"lazy\" decoding=\"async\" class=\"wp-image-40  alignleft\" src=\"https:\/\/jgconstrucaoereforma.com.br\/wp-content\/uploads\/2023\/09\/under-construction-zone-clipart-design-illustration-free-png-300x261.webp\" alt=\"\" width=\"211\" height=\"184\" \/>A JG Constru\u00e7\u00f5es e reforma vem atuando no mercado de Bras\u00edlia desde 2001, tem como compromisso o aperfei\u00e7oamento tecnol\u00f3gico da constru\u00e7\u00e3o civil, executando solu\u00e7\u00f5es inteligentes para sua obra ou reforma.<\/p>\n<p style=\"text-align: justify;\">A empresa tem como \u00e1rea de atua\u00e7\u00e3o na constru\u00e7\u00e3o civil, a presta\u00e7\u00e3o de servi\u00e7os nos segmentos de obras de edifica\u00e7\u00f5es, executando e\/ou reformando pr\u00e9dios residenciais, comerciais e industriais, p\u00fablicas ou privadas.<\/p>\n<p>[\/et_pb_text][et_pb_text _builder_version=&#8221;4.22.1&#8243; _module_preset=&#8221;default&#8221; global_colors_info=&#8221;{}&#8221;]<\/p>\n<p><strong>100% EXCEL\u00caNCIA | <\/strong><strong>100% EFICI\u00caNCIA |\u00a0<\/strong><strong>100% EFIC\u00c1CIA |\u00a0<\/strong><strong>100% SASTIFA\u00c7\u00c3O<\/strong><\/p>\n<p>[\/et_pb_text][\/et_pb_column][\/et_pb_row][\/et_pb_section][et_pb_section fb_built=&#8221;1&#8243; module_id=&#8221;servicos&#8221; _builder_version=&#8221;4.22.1&#8243; _module_preset=&#8221;default&#8221; global_colors_info=&#8221;{}&#8221;][et_pb_row _builder_version=&#8221;4.22.1&#8243; _module_preset=&#8221;default&#8221; global_colors_info=&#8221;{}&#8221;][et_pb_column type=&#8221;4_4&#8243; _builder_version=&#8221;4.22.1&#8243; _module_preset=&#8221;default&#8221; global_colors_info=&#8221;{}&#8221;][et_pb_text _builder_version=&#8221;4.22.1&#8243; _module_preset=&#8221;default&#8221; global_colors_info=&#8221;{}&#8221;]<\/p>\n<h2><strong>Nossos Servi\u00e7os<\/strong><\/h2>\n<p><strong><\/strong><\/p>\n<p><strong><\/strong><\/p>\n<p><strong><\/strong><\/p>\n<p style=\"text-align: center;\">Excel\u00eancia, efici\u00eancia, efic\u00e1cia e satisfa\u00e7\u00e3o s\u00e3o o que buscamos e oferecemos a todos nossos clientes, em parceria para obter o melhor resultado.<\/p>\n<p>[\/et_pb_text][et_pb_text _builder_version=&#8221;4.22.1&#8243; _module_preset=&#8221;default&#8221; global_colors_info=&#8221;{}&#8221;]<\/p>\n<h4 style=\"text-align: center;\"><strong>SOLU\u00c7\u00d5ES INTELIGENTES PARA SUA OBRA OU REFORMA.<\/strong><\/h4>\n<p>[\/et_pb_text][\/et_pb_column][\/et_pb_row][et_pb_row column_structure=&#8221;1_2,1_2&#8243; _builder_version=&#8221;4.22.1&#8243; _module_preset=&#8221;default&#8221; global_colors_info=&#8221;{}&#8221;][et_pb_column type=&#8221;1_2&#8243; _builder_version=&#8221;4.22.1&#8243; _module_preset=&#8221;default&#8221; global_colors_info=&#8221;{}&#8221;][et_pb_blurb title=&#8221;CONSTRU\u00c7\u00c3O&#8221; use_icon=&#8221;on&#8221; font_icon=&#8221;&#xe074;||divi||400&#8243; _builder_version=&#8221;4.22.1&#8243; _module_preset=&#8221;default&#8221; text_orientation=&#8221;center&#8221; global_colors_info=&#8221;{}&#8221;]<\/p>\n<p style=\"text-align: justify;\">\u00c9 a execu\u00e7\u00e3o de todas as etapas do projeto da funda\u00e7\u00e3o ao acabamento, consistindo em construir o que consta em projeto, respeitando as t\u00e9cnicas construtivas e as normas t\u00e9cnicas vigentes.<\/p>\n<p>[\/et_pb_blurb][\/et_pb_column][et_pb_column type=&#8221;1_2&#8243; _builder_version=&#8221;4.22.1&#8243; _module_preset=&#8221;default&#8221; global_colors_info=&#8221;{}&#8221;][et_pb_blurb title=&#8221;REFORMAS EM GERAL&#8221; use_icon=&#8221;on&#8221; font_icon=&#8221;&#xe035;||divi||400&#8243; _builder_version=&#8221;4.22.1&#8243; _module_preset=&#8221;default&#8221; text_orientation=&#8221;center&#8221; global_colors_info=&#8221;{}&#8221;]<\/p>\n<p style=\"text-align: justify;\">Os servicos de reforma consistem na conserva\u00e7\u00e3o, manuten\u00e7\u00e3o preventiva e corretiva, adequa\u00e7\u00e3o \u00e0s novas normas t\u00e9cnicas, al\u00e9m da moderniza\u00e7\u00e3o, representam um movimento cont\u00ednuo que garante vida longa \u00e0s edifica\u00e7\u00f5es e ao seu bom uso.<\/p>\n<p>[\/et_pb_blurb][\/et_pb_column][\/et_pb_row][et_pb_row column_structure=&#8221;1_2,1_2&#8243; _builder_version=&#8221;4.22.1&#8243; _module_preset=&#8221;default&#8221; global_colors_info=&#8221;{}&#8221;][et_pb_column type=&#8221;1_2&#8243; _builder_version=&#8221;4.22.1&#8243; _module_preset=&#8221;default&#8221; global_colors_info=&#8221;{}&#8221;][et_pb_blurb title=&#8221;SERVI\u00c7OS DE ACABAMENTO&#8221; use_icon=&#8221;on&#8221; font_icon=&#8221;&#xf53f;||fa||900&#8243; _builder_version=&#8221;4.22.1&#8243; _module_preset=&#8221;default&#8221; text_orientation=&#8221;center&#8221; global_colors_info=&#8221;{}&#8221;]<\/p>\n<p style=\"text-align: justify;\">A constru\u00e7\u00e3o de uma obra chega a fase de acabamento, quando chega o momento de colocai pisos, forros, lou\u00e7as, metais sanit\u00e1rios, pintura, arm\u00e1rios, esquadrias. etc.<\/p>\n<p>[\/et_pb_blurb][\/et_pb_column][et_pb_column type=&#8221;1_2&#8243; _builder_version=&#8221;4.22.1&#8243; _module_preset=&#8221;default&#8221; global_colors_info=&#8221;{}&#8221;][et_pb_blurb title=&#8221;PINTURA PREDIAL E RESIDENCIAL&#8221; use_icon=&#8221;on&#8221; font_icon=&#8221;&#xf5aa;||fa||900&#8243; _builder_version=&#8221;4.22.1&#8243; _module_preset=&#8221;default&#8221; text_orientation=&#8221;center&#8221; global_colors_info=&#8221;{}&#8221;]<\/p>\n<p style=\"text-align: justify;\">As necessidades num primeiro momento dos servi\u00e7os de pintura podem ser est\u00e9ticas, mas tratar periodicamente as fachadas externas e internas com pinturas e demais revestimentos \u00e9 mais do que cuidar da apar\u00eancia do pr\u00e9dio.<\/p>\n<p>[\/et_pb_blurb][\/et_pb_column][\/et_pb_row][et_pb_row column_structure=&#8221;1_2,1_2&#8243; _builder_version=&#8221;4.22.1&#8243; _module_preset=&#8221;default&#8221; global_colors_info=&#8221;{}&#8221;][et_pb_column type=&#8221;1_2&#8243; _builder_version=&#8221;4.22.1&#8243; _module_preset=&#8221;default&#8221; global_colors_info=&#8221;{}&#8221;][et_pb_blurb title=&#8221;ASSESSORIA &#038; CONSULTORIA&#8221; use_icon=&#8221;on&#8221; font_icon=&#8221;&#xe0f0;||divi||400&#8243; _builder_version=&#8221;4.22.1&#8243; _module_preset=&#8221;default&#8221; text_orientation=&#8221;center&#8221; global_colors_info=&#8221;{}&#8221;]<\/p>\n<p style=\"text-align: justify;\">A Assessoria \u00e9 a assist\u00eancia que o profissional especializado da JG Constru\u00e7\u00e3o e Reforma em determinada \u00e1rea presta aux\u00edlio t\u00e9cnico ao cliente desde o desenvolvimento do projeto at\u00e9 a execu\u00e7\u00e3o do servi\u00e7o, ou seja, o assessor se envolve operacionalmente com a obra, levando solu\u00e7\u00f5es no processo.<\/p>\n<p>[\/et_pb_blurb][\/et_pb_column][et_pb_column type=&#8221;1_2&#8243; _builder_version=&#8221;4.22.1&#8243; _module_preset=&#8221;default&#8221; global_colors_info=&#8221;{}&#8221;][\/et_pb_column][\/et_pb_row][et_pb_row _builder_version=&#8221;4.22.1&#8243; _module_preset=&#8221;default&#8221; background_color=&#8221;#efefef&#8221; custom_padding=&#8221;26px|||||&#8221; border_radii=&#8221;on|17px|17px|17px|17px&#8221; global_colors_info=&#8221;{}&#8221;][et_pb_column type=&#8221;4_4&#8243; _builder_version=&#8221;4.22.1&#8243; _module_preset=&#8221;default&#8221; global_colors_info=&#8221;{}&#8221;][et_pb_text _builder_version=&#8221;4.22.1&#8243; _module_preset=&#8221;default&#8221; global_colors_info=&#8221;{}&#8221;]<\/p>\n<h3 style=\"text-align: center;\"><strong>NOVIDADES EM SERVI\u00c7OS<\/strong><\/h3>\n<p style=\"text-align: center;\"><strong>INSTALA\u00c7\u00c3O E MANUTEN\u00c7\u00c3O DE AR CONDICIONADO<\/strong><\/p>\n<p><img loading=\"lazy\" decoding=\"async\" class=\"wp-image-21 size-medium aligncenter\" src=\"https:\/\/jgconstrucaoereforma.com.br\/wp-content\/uploads\/2023\/09\/Imagem4-300x249.jpg\" alt=\"\" width=\"300\" height=\"249\" srcset=\"http:\/\/jgconstrucaoereforma.com.br\/wp-content\/uploads\/2023\/09\/Imagem4-300x249.jpg 300w, http:\/\/jgconstrucaoereforma.com.br\/wp-content\/uploads\/2023\/09\/Imagem4.jpg 325w\" sizes=\"(max-width: 300px) 100vw, 300px\" \/><\/p>\n<p>[\/et_pb_text][\/et_pb_column][\/et_pb_row][\/et_pb_section][et_pb_section fb_built=&#8221;1&#8243; module_id=&#8221;obras&#8221; _builder_version=&#8221;4.22.1&#8243; _module_preset=&#8221;default&#8221; background_color=&#8221;#f4f4f4&#8243; global_colors_info=&#8221;{}&#8221;][et_pb_row _builder_version=&#8221;4.22.1&#8243; _module_preset=&#8221;default&#8221; global_colors_info=&#8221;{}&#8221;][et_pb_column type=&#8221;4_4&#8243; _builder_version=&#8221;4.22.1&#8243; _module_preset=&#8221;default&#8221; global_colors_info=&#8221;{}&#8221;][et_pb_text _builder_version=&#8221;4.22.1&#8243; _module_preset=&#8221;default&#8221; global_colors_info=&#8221;{}&#8221;]<\/p>\n<h2><strong>Obras realizadas<\/strong><\/h2>\n<p>[\/et_pb_text][et_pb_gallery gallery_ids=&#8221;22,23,24,25,26,27,28,29,30,31,32,33,34&#8243; posts_number=&#8221;12&#8243; show_title_and_caption=&#8221;off&#8221; _builder_version=&#8221;4.22.1&#8243; _module_preset=&#8221;default&#8221; global_colors_info=&#8221;{}&#8221;][\/et_pb_gallery][\/et_pb_column][\/et_pb_row][\/et_pb_section][et_pb_section fb_built=&#8221;1&#8243; module_id=&#8221;clientes&#8221; _builder_version=&#8221;4.22.1&#8243; _module_preset=&#8221;default&#8221; global_colors_info=&#8221;{}&#8221;][et_pb_row _builder_version=&#8221;4.22.1&#8243; _module_preset=&#8221;default&#8221; global_colors_info=&#8221;{}&#8221;][et_pb_column type=&#8221;4_4&#8243; _builder_version=&#8221;4.22.1&#8243; _module_preset=&#8221;default&#8221; global_colors_info=&#8221;{}&#8221;][et_pb_text _builder_version=&#8221;4.22.1&#8243; _module_preset=&#8221;default&#8221; global_colors_info=&#8221;{}&#8221;]<\/p>\n<h1><strong>Clientes<br \/><\/strong><\/h1>\n<p>[\/et_pb_text][\/et_pb_column][\/et_pb_row][et_pb_row column_structure=&#8221;1_4,1_4,1_4,1_4&#8243; _builder_version=&#8221;4.22.1&#8243; _module_preset=&#8221;default&#8221; global_colors_info=&#8221;{}&#8221;][et_pb_column type=&#8221;1_4&#8243; _builder_version=&#8221;4.22.1&#8243; _module_preset=&#8221;default&#8221; global_colors_info=&#8221;{}&#8221;][et_pb_text _builder_version=&#8221;4.22.1&#8243; _module_preset=&#8221;default&#8221; global_colors_info=&#8221;{}&#8221;]<\/p>\n<p><img loading=\"lazy\" decoding=\"async\" class=\"wp-image-35 size-full aligncenter\" src=\"https:\/\/jgconstrucaoereforma.com.br\/wp-content\/uploads\/2023\/09\/Imagem21.png\" alt=\"\" width=\"161\" height=\"59\" \/><\/p>\n<p>[\/et_pb_text][\/et_pb_column][et_pb_column type=&#8221;1_4&#8243; _builder_version=&#8221;4.22.1&#8243; _module_preset=&#8221;default&#8221; global_colors_info=&#8221;{}&#8221;][et_pb_text _builder_version=&#8221;4.22.1&#8243; _module_preset=&#8221;default&#8221; global_colors_info=&#8221;{}&#8221;]<\/p>\n<p><img loading=\"lazy\" decoding=\"async\" class=\"wp-image-36 size-full aligncenter\" src=\"https:\/\/jgconstrucaoereforma.com.br\/wp-content\/uploads\/2023\/09\/Imagem22.jpg\" alt=\"\" width=\"123\" height=\"114\" \/><\/p>\n<p>[\/et_pb_text][\/et_pb_column][et_pb_column type=&#8221;1_4&#8243; _builder_version=&#8221;4.22.1&#8243; _module_preset=&#8221;default&#8221; global_colors_info=&#8221;{}&#8221;][et_pb_text _builder_version=&#8221;4.22.1&#8243; _module_preset=&#8221;default&#8221; global_colors_info=&#8221;{}&#8221;]<\/p>\n<p><img loading=\"lazy\" decoding=\"async\" class=\"wp-image-37 size-full aligncenter\" src=\"https:\/\/jgconstrucaoereforma.com.br\/wp-content\/uploads\/2023\/09\/Imagem23.png\" alt=\"\" width=\"202\" height=\"104\" \/><\/p>\n<p>[\/et_pb_text][\/et_pb_column][et_pb_column type=&#8221;1_4&#8243; _builder_version=&#8221;4.22.1&#8243; _module_preset=&#8221;default&#8221; global_colors_info=&#8221;{}&#8221;][et_pb_text _builder_version=&#8221;4.22.1&#8243; _module_preset=&#8221;default&#8221; global_colors_info=&#8221;{}&#8221;]<\/p>\n<p><img loading=\"lazy\" decoding=\"async\" class=\"wp-image-38 size-full aligncenter\" src=\"https:\/\/jgconstrucaoereforma.com.br\/wp-content\/uploads\/2023\/09\/Imagem24.jpg\" alt=\"\" width=\"132\" height=\"120\" \/><\/p>\n<p>[\/et_pb_text][\/et_pb_column][\/et_pb_row][\/et_pb_section][et_pb_section fb_built=&#8221;1&#8243; _builder_version=&#8221;4.22.1&#8243; _module_preset=&#8221;default&#8221; background_color=&#8221;#0C71C3&#8243; global_colors_info=&#8221;{}&#8221;][et_pb_row _builder_version=&#8221;4.22.1&#8243; _module_preset=&#8221;default&#8221; global_colors_info=&#8221;{}&#8221;][et_pb_column type=&#8221;4_4&#8243; _builder_version=&#8221;4.22.1&#8243; _module_preset=&#8221;default&#8221; global_colors_info=&#8221;{}&#8221;][et_pb_text _builder_version=&#8221;4.22.1&#8243; _module_preset=&#8221;default&#8221; global_colors_info=&#8221;{}&#8221;]<\/p>\n<h2><span style=\"color: #ffffff;\"><strong>Certifica\u00e7\u00f5es e Premia\u00e7\u00f5es<\/strong><\/span><\/h2>\n<p><strong><\/strong><\/p>\n<p><strong><\/strong><\/p>\n<p>[\/et_pb_text][\/et_pb_column][\/et_pb_row][et_pb_row column_structure=&#8221;1_4,1_4,1_4,1_4&#8243; _builder_version=&#8221;4.22.1&#8243; _module_preset=&#8221;default&#8221; global_colors_info=&#8221;{}&#8221;][et_pb_column type=&#8221;1_4&#8243; _builder_version=&#8221;4.22.1&#8243; _module_preset=&#8221;default&#8221; global_colors_info=&#8221;{}&#8221;][et_pb_text _builder_version=&#8221;4.22.1&#8243; _module_preset=&#8221;default&#8221; global_colors_info=&#8221;{}&#8221;]<\/p>\n<p><img loading=\"lazy\" decoding=\"async\" src=\"https:\/\/jgconstrucaoereforma.com.br\/wp-content\/uploads\/2023\/09\/1-300x211.png\" width=\"300\" height=\"211\" alt=\"\" class=\"wp-image-61 alignnone size-medium\" style=\"display: block; margin-left: auto; margin-right: auto;\" \/><\/p>\n<p>[\/et_pb_text][\/et_pb_column][et_pb_column type=&#8221;1_4&#8243; _builder_version=&#8221;4.22.1&#8243; _module_preset=&#8221;default&#8221; global_colors_info=&#8221;{}&#8221;][et_pb_text _builder_version=&#8221;4.22.1&#8243; _module_preset=&#8221;default&#8221; global_colors_info=&#8221;{}&#8221;]<\/p>\n<p><img loading=\"lazy\" decoding=\"async\" src=\"https:\/\/jgconstrucaoereforma.com.br\/wp-content\/uploads\/2023\/09\/2-300x207.png\" width=\"300\" height=\"207\" alt=\"\" class=\"wp-image-62 alignnone size-medium\" \/><\/p>\n<p>[\/et_pb_text][\/et_pb_column][et_pb_column type=&#8221;1_4&#8243; _builder_version=&#8221;4.22.1&#8243; _module_preset=&#8221;default&#8221; global_colors_info=&#8221;{}&#8221;][et_pb_text _builder_version=&#8221;4.22.1&#8243; _module_preset=&#8221;default&#8221; global_colors_info=&#8221;{}&#8221;]<\/p>\n<p><img loading=\"lazy\" decoding=\"async\" src=\"https:\/\/jgconstrucaoereforma.com.br\/wp-content\/uploads\/2023\/09\/3-300x222.png\" width=\"300\" height=\"222\" alt=\"\" class=\"wp-image-63 alignnone size-medium\" \/><\/p>\n<p>[\/et_pb_text][\/et_pb_column][et_pb_column type=&#8221;1_4&#8243; _builder_version=&#8221;4.22.1&#8243; _module_preset=&#8221;default&#8221; global_colors_info=&#8221;{}&#8221;][et_pb_text _builder_version=&#8221;4.22.1&#8243; _module_preset=&#8221;default&#8221; global_colors_info=&#8221;{}&#8221;]<\/p>\n<p><img loading=\"lazy\" decoding=\"async\" src=\"https:\/\/jgconstrucaoereforma.com.br\/wp-content\/uploads\/2023\/09\/4-300x227.png\" width=\"300\" height=\"227\" alt=\"\" class=\"wp-image-64 alignnone size-medium\" \/><\/p>\n<p>[\/et_pb_text][\/et_pb_column][\/et_pb_row][\/et_pb_section][et_pb_section fb_built=&#8221;1&#8243; module_id=&#8221;contato&#8221; _builder_version=&#8221;4.22.1&#8243; _module_preset=&#8221;default&#8221; background_enable_color=&#8221;off&#8221; global_colors_info=&#8221;{}&#8221;][et_pb_row _builder_version=&#8221;4.22.1&#8243; _module_preset=&#8221;default&#8221; global_colors_info=&#8221;{}&#8221;][et_pb_column type=&#8221;4_4&#8243; _builder_version=&#8221;4.22.1&#8243; _module_preset=&#8221;default&#8221; global_colors_info=&#8221;{}&#8221;][et_pb_text _builder_version=&#8221;4.22.1&#8243; _module_preset=&#8221;default&#8221; global_colors_info=&#8221;{}&#8221;]<\/p>\n<h2><strong>Contato<br \/><\/strong><\/h2>\n<p>[\/et_pb_text][\/et_pb_column][\/et_pb_row][et_pb_row _builder_version=&#8221;4.22.1&#8243; _module_preset=&#8221;default&#8221; global_colors_info=&#8221;{}&#8221;][et_pb_column type=&#8221;4_4&#8243; _builder_version=&#8221;4.22.1&#8243; _module_preset=&#8221;default&#8221; global_colors_info=&#8221;{}&#8221;][et_pb_text _builder_version=&#8221;4.22.1&#8243; _module_preset=&#8221;default&#8221; global_colors_info=&#8221;{}&#8221;]<\/p>\n<p><strong>Nosso endere\u00e7o: <\/strong>SRTVS QUADRA 701 CONJ:L N\u00b0 38 EDIFICIO ASSIS CHATEAUBRIAN &#8211; BLOCO:01 SALA:717 &#8211; ASA SUL\/ BRAS\u00cdLIA<\/p>\n<p><strong>Telefone: <\/strong>61 9 9875-2225 \/ 99269-8388<\/p>\n<p><strong>Email: \u00a0<\/strong><a href=\"mailto:jgconstrucaoereforma2016@gmail.com\">jgconstrucaoereforma2016@gmail.com<\/a><\/p>\n<p>&nbsp;<\/p>\n<p>&nbsp;<\/p>\n<p>&nbsp;<\/p>\n<p><a href=\"https:\/\/www.instagram.com\/Jgconstrucaoereforma2016\/\" target=\"_blank\" rel=\"noopener\"><img loading=\"lazy\" decoding=\"async\" class=\"wp-image-39 alignnone \" src=\"https:\/\/jgconstrucaoereforma.com.br\/wp-content\/uploads\/2023\/09\/instagram-icone-icon-1-300x300.png\" alt=\"\" width=\"58\" height=\"58\" \/><\/a><\/p>\n<p>[\/et_pb_text][\/et_pb_column][\/et_pb_row][\/et_pb_section]<\/p>\n","protected":false},"excerpt":{"rendered":"<p>Quem somos A JG Constru\u00e7\u00f5es e reforma vem atuando no mercado de Bras\u00edlia desde 2001, tem como compromisso o aperfei\u00e7oamento tecnol\u00f3gico da constru\u00e7\u00e3o civil, executando solu\u00e7\u00f5es inteligentes para sua obra ou reforma. A empresa tem como \u00e1rea de atua\u00e7\u00e3o na constru\u00e7\u00e3o civil, a presta\u00e7\u00e3o de servi\u00e7os nos segmentos de obras de edifica\u00e7\u00f5es, executando e\/ou reformando [&hellip;]<\/p>\n","protected":false},"author":1,"featured_media":0,"parent":0,"menu_order":0,"comment_status":"closed","ping_status":"closed","template":"","meta":{"_et_pb_use_builder":"on","_et_pb_old_content":"","_et_gb_content_width":"","footnotes":""},"class_list":["post-12","page","type-page","status-publish","hentry"],"_links":{"self":[{"href":"http:\/\/jgconstrucaoereforma.com.br\/index.php\/wp-json\/wp\/v2\/pages\/12","targetHints":{"allow":["GET"]}}],"collection":[{"href":"http:\/\/jgconstrucaoereforma.com.br\/index.php\/wp-json\/wp\/v2\/pages"}],"about":[{"href":"http:\/\/jgconstrucaoereforma.com.br\/index.php\/wp-json\/wp\/v2\/types\/page"}],"author":[{"embeddable":true,"href":"http:\/\/jgconstrucaoereforma.com.br\/index.php\/wp-json\/wp\/v2\/users\/1"}],"replies":[{"embeddable":true,"href":"http:\/\/jgconstrucaoereforma.com.br\/index.php\/wp-json\/wp\/v2\/comments?post=12"}],"version-history":[{"count":20,"href":"http:\/\/jgconstrucaoereforma.com.br\/index.php\/wp-json\/wp\/v2\/pages\/12\/revisions"}],"predecessor-version":[{"id":97,"href":"http:\/\/jgconstrucaoereforma.com.br\/index.php\/wp-json\/wp\/v2\/pages\/12\/revisions\/97"}],"wp:attachment":[{"href":"http:\/\/jgconstrucaoereforma.com.br\/index.php\/wp-json\/wp\/v2\/media?parent=12"}],"curies":[{"name":"wp","href":"https:\/\/api.w.org\/{rel}","templated":true}]}}